{"id":209,"date":"2021-01-14T05:05:37","date_gmt":"2021-01-14T05:05:37","guid":{"rendered":"https:\/\/radioritmolatino.com\/?page_id=209"},"modified":"2021-03-01T23:38:00","modified_gmt":"2021-03-01T23:38:00","slug":"eduardo-oronia","status":"publish","type":"page","link":"https:\/\/radioritmolatino.com\/?page_id=209","title":{"rendered":"Eduardo Oronia"},"content":{"rendered":"\n<figure class=\"wp-block-image size-large\"><img loading=\"lazy\" decoding=\"async\" width=\"1000\" height=\"1000\" src=\"https:\/\/radioritmolatino.com\/wp-content\/uploads\/2021\/03\/oronia.jpg\" alt=\"\" class=\"wp-image-405\" srcset=\"https:\/\/radioritmolatino.com\/wp-content\/uploads\/2021\/03\/oronia.jpg 1000w, https:\/\/radioritmolatino.com\/wp-content\/uploads\/2021\/03\/oronia-300x300.jpg 300w, https:\/\/radioritmolatino.com\/wp-content\/uploads\/2021\/03\/oronia-100x100.jpg 100w, https:\/\/radioritmolatino.com\/wp-content\/uploads\/2021\/03\/oronia-600x600.jpg 600w, https:\/\/radioritmolatino.com\/wp-content\/uploads\/2021\/03\/oronia-150x150.jpg 150w, https:\/\/radioritmolatino.com\/wp-content\/uploads\/2021\/03\/oronia-768x768.jpg 768w\" sizes=\"auto, (max-width: 1000px) 100vw, 1000px\" \/><\/figure>\n\n\n\n<figure class=\"wp-block-table\"><table><tbody><tr><td><a href=\"https:\/\/www.facebook.com\/eduardo.oronia.5\"><img decoding=\"async\" src=\"https:\/\/th.bing.com\/th\/id\/R7daa7f0248e4a6a78a8b587f838b393d?rik=MOhGWnJNO4AdeA&amp;riu=http%3a%2f%2f1000logos.net%2fwp-content%2fuploads%2f2016%2f11%2ffb-logo.jpg&amp;ehk=X%2bVtOxNCfSbD%2bK39HsYNdZaX%2fYx4UEExDA3kYZPRh90%3d&amp;risl=&amp;pid=ImgRaw\" alt=\"See the source image\" style=\"width: 100px;\"><\/a><\/td><td><a href=\"https:\/\/twitter.com\/SrOronia\"><img decoding=\"async\" src=\"data:image\/png;base64,iVBORw0KGgoAAAANSUhEUgAAAOEAAADhCAMAAAAJbSJIAAAAeFBMVEX\/\/\/8dofIAnfIAm\/ETn\/IAnvIAmfHy+v74\/P\/7\/v\/h8v0AnPLd8P1buPVFrvSCx\/ep2PnB4\/uh1Pnp9v5QsvRsvfa13frM6PzD5Pt4wvYhpPKUzvhbtvWe0vk\/rPPO6vyNzPh6xfbT7fyBwva13\/qczvgAlPFvwPaQpQe1AAAGb0lEQVR4nO2c2WKiSBSGpaqOLJFFFgklgm1nJu\/\/hiNuMZG1Nuie810kNwr81HK2Oq5WCIIgCIIgCIIgCIIgCIIgCIIgCIIgCIIgCIIgCIIgCIIgCIIgfxyOV0fhL9\/3izCuN\/bcj6MaOw9TTggAYwwA3nhQ5H+TyGRf0bM26wtmAa2OXvdXtq65x5MmCQlYbRCadWh8D3yzzyiDs4d2fQ0AYctcrX3y9q7\/yexEyWXqlLBOgc04Vj+02NvSApY6Su7eS5GqWAmR1auvWZFwePp8cgiaN0J2Cu49gMfhU\/4qezok8Awtbp+2I\/+6YllgYAhDYtGj9EXosL5mpvqNOdkH6\/uEprkCBQM4zewikdxFzm9pHJCm3Ppar1AMX1uaXfNwjElJPI4V2NzpaTYzbsIX+LyuB5CQuB03RV\/VWgYsxWp1e6WMCktMBnfRDmTXxjhOj\/cvLNHvtvO90PhxCTUWuZ346\/HYYfjjLezGL8JnGLnfzsmzuPcOcoRPCkkocAG7Epujt\/fpeoeU6vRr3Oz5+UDAC46FhhD4tvlyvU\/PcZbVE3lIYwffbkyqzdQrcJEhhF+Jt92XhDamUa\/Vt6vvt2bXdzuerdAQ8oBzuBl+stcj7UbyOgTHSRfIBC3Fw\/CrcIr7aFFI0gl7tyu2kX4BpWbXu20nBGt8RPMh6M487qUkcuvjx05zhRF\/7O4WClr7u8BKu2PqlK3rCKxo1ORx278+WmCg05m58bt9EBgt6xHftoVsxR1Smggt9l1bBSPF8AtOZDYamhmI71er9+6tAtbHIY0b8Y2GUb128IHTNwrAw\/4tR8zeXwRyAymoK2nfSmKEh31+nLjC4GRK4JDnzACybkdOWKGZ4PdKMmjRgPJDx2QVVggigZoo2bDRZgSCuG225qI7jVGF+SiTdl6R6eGlFuj9EQpXI\/0SxoAERbR5NmItjvsSFdYTfEsglPv73ekm02lza5encHzG+kIzlnQNgR9Gu62oX0p05p5ecYSSSWc70l9OW5DCVS4bx05GJsUuRKf\/rQtiJJ\/\/TGFYIjXmtNn3TN7IAqAyhQZC3ysezerLzu+GIBWuT4NxYwqTNUAZJ0066GBQoaU\/P\/NQCM22T9MwOrm1YAVCAKY7h\/jFLdHSGHEqbt0mA79NCVw5vQGwNkwa\/EIu4SmqcGJ1RIaDcXemgRo8rXgyawevMG5OoGD9T1ah0fOIkpUHIYjYiQFBzMcVZ2Nh1u82Z+cfMGP2\/oLgaREZgalRgTMYfTC6DFcyqXlRzGX0b3walliZXYYr2TrnZAxnEi\/Ua6MKx1SXVWM0ExXM0kIzLSksxRyT9CLRmAe+nnx0ThGj2gkUYNrcPzHcEqIEk9Xfn9SBiUwNmbNVzT72tGYpwkiHRQ9eRnUnho17bD\/ZhJxqHEiRc9bKsd+LlGuTOIc\/c2frOI7ruo5j16EuhaycUeCKr3mVNo1XtKPVVQFvBlrVuonPtoKxb51XqoFsToHi7UvjIXM5bDe05xXntoUrT3MgzMBYWbSLCY2SImhuHRmDHegcRCNNzUPkWlei8QMmbez1xcFCrX8aKLWNIl\/AHG1wU00SzR0RGsL2tWyoc6Wf2rAzDRKZ9gauSYTqkxl8ZnftJztL8TCaPHoxDrtQmsugho\/LjqIuQZlIMrfD3UGecTXrUX+bqDDJzgdKCMjFxFDNHlH0cvr4pyhkzjIYPEkqzlYibmRLsxMtOKFEdoNxnT8IoYZTJWEb\/4ARtEOZmhssXqAbc5lIg8xTzh6P8yFXbQN\/IRFhB+4ufZPRx6BYrKFvsONK0qGBJfqid+ytL1tgI3wxIf0L3vaTy5YuGMkWuce4dvJ+LLl8TAF8ITM0rx\/Wyjt9xMesYpTIV54YKZdiBZPi3\/V6zfn5D6VEVTgI1oynSV7YpERxufBsI5YVSri7QGVGhr2Vs9Z4W7EjRZF8M37BbpFG3o24ihNtjFYfc0vp5iOVPCfEgJSLSxh+RybtxBjlxVIMRA9enIrlgQlPo2Xtn93Ux2raryScJyerWn\/VZblsYn+sYwNArSxafhrmFbfeZxUhjcxWoezSNMyCIl5u+DCMneyOWVpxoHB25+ByUur8nwB5s3hVFnGeLDJ4mIiTbOo8OvwKP\/2GLAz30TbfeH+DNgRBEARBEARBEARBEARBEARBEARBEARBEARBEARBEARBEARB\/kf8B\/u9Wr7L9Z4NAAAAAElFTkSuQmCC\" alt=\"Help Center\" style=\"width: 100px;\"><\/a><\/td><td><\/td><\/tr><\/tbody><\/table><\/figure>\n\n\n\n<p>Eduardo Oronia:<\/p>\n\n\n\n<p>Eduardo Oronia, Mexicano lleno de sue\u00f1os y metas,&nbsp; en la adolescencia dej\u00e9 mi tierra y amigos para forjar un futuro y una vida en Dallas Tx, desde entonces mi meta es la misma, ser buena persona y competir conmigo mismo para ser mejor en todos los aspectos de la vida, Con la oportunidad de expresar mi voz y la ayuda de mi esposa al igual que con grandes personalidades en los medios de comunicaci\u00f3n es que Radio Ritmo Latino paso de un proyecto to a una realidad, Agradezco mucho a Dios por el regalo m\u00e1s hermoso y perfecto Mi Familia, de el cual me siento extremadamente orgulloso, Ver\u00f3nica Julietta y Eduardo son el sol agua y tierra de mi peque\u00f1o mundo!<\/p>\n","protected":false},"excerpt":{"rendered":"<p>Eduardo Oronia: Eduardo Oronia, Mexicano lleno de sue\u00f1os y metas,&nbsp; en la adolescencia dej\u00e9 mi tierra y amigos para forjar un futuro y una vida en Dallas Tx, desde entonces mi meta es la misma, ser buena persona y competir conmigo mismo para ser mejor en todos los aspectos de la vida, Con la oportunidad [&hellip;]<\/p>\n","protected":false},"author":1,"featured_media":25,"parent":0,"menu_order":0,"comment_status":"closed","ping_status":"closed","template":"","meta":{"footnotes":""},"class_list":["post-209","page","type-page","status-publish","has-post-thumbnail","hentry"],"_links":{"self":[{"href":"https:\/\/radioritmolatino.com\/index.php?rest_route=\/wp\/v2\/pages\/209","targetHints":{"allow":["GET"]}}],"collection":[{"href":"https:\/\/radioritmolatino.com\/index.php?rest_route=\/wp\/v2\/pages"}],"about":[{"href":"https:\/\/radioritmolatino.com\/index.php?rest_route=\/wp\/v2\/types\/page"}],"author":[{"embeddable":true,"href":"https:\/\/radioritmolatino.com\/index.php?rest_route=\/wp\/v2\/users\/1"}],"replies":[{"embeddable":true,"href":"https:\/\/radioritmolatino.com\/index.php?rest_route=%2Fwp%2Fv2%2Fcomments&post=209"}],"version-history":[{"count":1,"href":"https:\/\/radioritmolatino.com\/index.php?rest_route=\/wp\/v2\/pages\/209\/revisions"}],"predecessor-version":[{"id":406,"href":"https:\/\/radioritmolatino.com\/index.php?rest_route=\/wp\/v2\/pages\/209\/revisions\/406"}],"wp:featuredmedia":[{"embeddable":true,"href":"https:\/\/radioritmolatino.com\/index.php?rest_route=\/"}],"wp:attachment":[{"href":"https:\/\/radioritmolatino.com\/index.php?rest_route=%2Fwp%2Fv2%2Fmedia&parent=209"}],"curies":[{"name":"wp","href":"https:\/\/api.w.org\/{rel}","templated":true}]}}