{"id":224,"date":"2021-01-14T05:15:35","date_gmt":"2021-01-14T05:15:35","guid":{"rendered":"https:\/\/radioritmolatino.com\/?page_id=224"},"modified":"2021-03-01T23:40:06","modified_gmt":"2021-03-01T23:40:06","slug":"sra-oronia","status":"publish","type":"page","link":"https:\/\/radioritmolatino.com\/?page_id=224","title":{"rendered":"Sra Oronia"},"content":{"rendered":"\n<div class=\"wp-block-group\"><div class=\"wp-block-group__inner-container is-layout-flow wp-block-group-is-layout-flow\">\n<div class=\"wp-block-columns is-layout-flex wp-container-core-columns-is-layout-28f84493 wp-block-columns-is-layout-flex\">\n<div class=\"wp-block-column is-layout-flow wp-block-column-is-layout-flow\" style=\"flex-basis:100%\">\n<figure class=\"wp-block-image size-large\"><img loading=\"lazy\" decoding=\"async\" width=\"1024\" height=\"1024\" src=\"https:\/\/radioritmolatino.com\/wp-content\/uploads\/2021\/03\/Sra-oronia-1024x1024.jpg\" alt=\"\" class=\"wp-image-411\" srcset=\"https:\/\/radioritmolatino.com\/wp-content\/uploads\/2021\/03\/Sra-oronia-1024x1024.jpg 1024w, https:\/\/radioritmolatino.com\/wp-content\/uploads\/2021\/03\/Sra-oronia-300x300.jpg 300w, https:\/\/radioritmolatino.com\/wp-content\/uploads\/2021\/03\/Sra-oronia-100x100.jpg 100w, https:\/\/radioritmolatino.com\/wp-content\/uploads\/2021\/03\/Sra-oronia-600x600.jpg 600w, https:\/\/radioritmolatino.com\/wp-content\/uploads\/2021\/03\/Sra-oronia-150x150.jpg 150w, https:\/\/radioritmolatino.com\/wp-content\/uploads\/2021\/03\/Sra-oronia-768x768.jpg 768w, https:\/\/radioritmolatino.com\/wp-content\/uploads\/2021\/03\/Sra-oronia.jpg 1241w\" sizes=\"auto, (max-width: 1024px) 100vw, 1024px\" \/><\/figure>\n<\/div>\n<\/div>\n<\/div><\/div>\n\n\n\n<p>Ver\u00f3nica Oronia:<\/p>\n\n\n\n<p>Nacida en la Ciudad de M\u00e9xico, reci\u00e9n egresada de la UNAM, emigr\u00e9 a Estados Unidos en junio de 1997 con la intenci\u00f3n de cumplir muchos de mis a\u00f1orados sue\u00f1os, los cuales se vieron en una gran parte cumplidos al formar una familia con Eduardo Oronia con quien contraje matrimonio en Noviembre del 2000. En Enero del 2019 logr\u00e9 otro de mis sue\u00f1os al tomar mi pasatiempo favorito, la Fotograf\u00eda, y form\u00e9 mi compa\u00f1\u00eda VeOr Photography and Video Productions. Actualmente, colaboro en la Producci\u00f3n y Relaciones Publicas de Radio Ritmo Latino junto a la Tropa m\u00e1s divertida de todo el Metroplex.<\/p>\n","protected":false},"excerpt":{"rendered":"<p>Ver\u00f3nica Oronia: Nacida en la Ciudad de M\u00e9xico, reci\u00e9n egresada de la UNAM, emigr\u00e9 a Estados Unidos en junio de 1997 con la intenci\u00f3n de cumplir muchos de mis a\u00f1orados sue\u00f1os, los cuales se vieron en una gran parte cumplidos al formar una familia con Eduardo Oronia con quien contraje matrimonio en Noviembre del 2000. [&hellip;]<\/p>\n","protected":false},"author":1,"featured_media":36,"parent":0,"menu_order":0,"comment_status":"closed","ping_status":"closed","template":"","meta":{"footnotes":""},"class_list":["post-224","page","type-page","status-publish","has-post-thumbnail","hentry"],"_links":{"self":[{"href":"https:\/\/radioritmolatino.com\/index.php?rest_route=\/wp\/v2\/pages\/224","targetHints":{"allow":["GET"]}}],"collection":[{"href":"https:\/\/radioritmolatino.com\/index.php?rest_route=\/wp\/v2\/pages"}],"about":[{"href":"https:\/\/radioritmolatino.com\/index.php?rest_route=\/wp\/v2\/types\/page"}],"author":[{"embeddable":true,"href":"https:\/\/radioritmolatino.com\/index.php?rest_route=\/wp\/v2\/users\/1"}],"replies":[{"embeddable":true,"href":"https:\/\/radioritmolatino.com\/index.php?rest_route=%2Fwp%2Fv2%2Fcomments&post=224"}],"version-history":[{"count":1,"href":"https:\/\/radioritmolatino.com\/index.php?rest_route=\/wp\/v2\/pages\/224\/revisions"}],"predecessor-version":[{"id":412,"href":"https:\/\/radioritmolatino.com\/index.php?rest_route=\/wp\/v2\/pages\/224\/revisions\/412"}],"wp:featuredmedia":[{"embeddable":true,"href":"https:\/\/radioritmolatino.com\/index.php?rest_route=\/"}],"wp:attachment":[{"href":"https:\/\/radioritmolatino.com\/index.php?rest_route=%2Fwp%2Fv2%2Fmedia&parent=224"}],"curies":[{"name":"wp","href":"https:\/\/api.w.org\/{rel}","templated":true}]}}